{"id":7557,"date":"2019-09-17T10:29:26","date_gmt":"2019-09-17T08:29:26","guid":{"rendered":"https:\/\/brings-online.com\/demo\/wordpress-theme-fahrschule\/?page_id=2"},"modified":"2025-11-21T08:30:53","modified_gmt":"2025-11-21T08:30:53","slug":"start","status":"publish","type":"page","link":"https:\/\/christian-fahrschule.de\/","title":{"rendered":"Start"},"content":{"rendered":"<div class=\"color-separator alignfull\" style=\"height:7px; background-color: #ff9721; margin-top:5px; margin-bottom:1px;\"><\/div>\n\n<section class=\"bo-block-header-section alignfull \" style=\"background-color:#ffffff; background-repeat:no-repeat; \">\n<img decoding=\"async\" class=\"bo-header-img\" src=\"https:\/\/christian-fahrschule.de\/wp-content\/uploads\/2020\/05\/header-e1588922033673.jpg\" alt=\"\" srcset=\"https:\/\/christian-fahrschule.de\/wp-content\/uploads\/2020\/05\/header-e1588922033673.jpg 1920w, https:\/\/christian-fahrschule.de\/wp-content\/uploads\/2020\/05\/header-e1588922033673-300x92.jpg 300w, https:\/\/christian-fahrschule.de\/wp-content\/uploads\/2020\/05\/header-e1588922033673-1024x315.jpg 1024w, https:\/\/christian-fahrschule.de\/wp-content\/uploads\/2020\/05\/header-e1588922033673-768x236.jpg 768w, https:\/\/christian-fahrschule.de\/wp-content\/uploads\/2020\/05\/header-e1588922033673-1536x472.jpg 1536w, https:\/\/christian-fahrschule.de\/wp-content\/uploads\/2020\/05\/header-e1588922033673-1360x418.jpg 1360w\" \/>\t\n<div class=\"bo-block-header-container\">\n<div class=\"bo-block-header-wrapper clearfix leftpos animated fadeInLeft\" style=\"background:rgba(56, 64, 76, 0.92)\" >\n\t\n <h1 class=\"bo-block-header-heading\" style=\"font-size: 26px; color:#ffffff\"><span class=\"bo-block-header-heading-mobile\">Willkommen bei Christians Fahrschule!<\/span><\/h1>\t\t <div class=\"bo-block-header-text\" style=\"color:#ffffff; font-size:16px;\"><span class=\"bo-block-header-text-mobile\"><p>Wir sind eine Fahrschule f\u00fcr alle Pkw, Anh\u00e4nger und Zweiradklassen!<\/p>\n<p>Es wird pers\u00f6nlich, f\u00fcrsorglich und mit Geduld &amp; Herz bis zur Pr\u00fcfung begleitet. <\/p>\n<br>\n<p>Interesse?<\/p>\n\n\n\n<\/span><\/div>\t\t\n\t\t\t\n                <div class=\"bo-block-header-buttons clearfix\">\n\t\t\t\t\t\n<a class=\"bo-block-header-button-1\" style=\"color:#ff9721 !important; background:#ffffff;\" href=\"mailto:info@christian-fahrschule.de\" target=\"_self\">Schreibe uns gerne eine E-Mail!<\/a>                <\/div>            <\/div>\n        <\/div>   \n   <\/section>\n\n<div class=\"color-separator alignfull\" style=\"height:7px; background-color: #ff9721; margin-top:1px; margin-bottom:15px;\"><\/div>\n\n\n<div style=\"height:30px\" aria-hidden=\"true\" class=\"wp-block-spacer\"><\/div>\n\n\n<div class=\"slogan links\">\n<div class=\"preambel\">\n<span style=\"color:#ff9721;\">Willkommen!<\/span>\n<\/div>\n<h1 style=\"font-size:30px; color:#424A59;\">\n<span class=\"slogan-mobile\">Christians Fahrschule &#8211; wir begleiten Dich zum F\u00fchrerschein!<\/span><\/h1><span style=\"background:#ff9721\"><\/span><\/div>\n\t\n\t\n\n\n<div class=\"wp-block-columns has-2-columns is-layout-flex wp-container-core-columns-is-layout-28f84493 wp-block-columns-is-layout-flex\">\n<div class=\"wp-block-column is-layout-flow wp-block-column-is-layout-flow\">\n<div style=\"height:20px\" aria-hidden=\"true\" class=\"wp-block-spacer\"><\/div>\n\n\n\n<ul class=\"wp-block-list\">\n<li>Du bist lange nicht mehr selbst gefahren?<\/li>\n\n\n\n<li>Schwierigkeiten beim Anh\u00e4nger fahren?<\/li>\n\n\n\n<li>Du willst mit Deinem Roller fahren?<\/li>\n\n\n\n<li>Du ben\u00f6tigen einen Auffrischungskurs?<\/li>\n<\/ul>\n\n\n\n<p><\/p>\n\n\n\n<p><strong>Dann bist Du bei uns genau richtig.<\/strong><br>Wir helfen gerne!<\/p>\n\n\n\n<div style=\"height:20px\" aria-hidden=\"true\" class=\"wp-block-spacer\"><\/div>\n<\/div>\n\n\n\n<div class=\"wp-block-column is-layout-flow wp-block-column-is-layout-flow\">\n<div class=\"wp-block-columns has-2-columns is-layout-flex wp-container-core-columns-is-layout-28f84493 wp-block-columns-is-layout-flex\">\n<div class=\"wp-block-column is-layout-flow wp-block-column-is-layout-flow\">\n<ul class=\"wp-block-list check\">\n<li>Moderne Fahrzeuge <\/li>\n\n\n\n<li>F\u00fchrerschein ab 17<\/li>\n\n\n\n<li>Perfekte Pr\u00fcfungsvorbereitung<\/li>\n\n\n\n<li>Individuelle Ausbildung<\/li>\n\n\n\n<li>Freundlicher Fahrlehrer<\/li>\n\n\n\n<li>Theorieunterricht nach Vereinbarung<\/li>\n<\/ul>\n<\/div>\n\n\n\n<div class=\"wp-block-column is-layout-flow wp-block-column-is-layout-flow\">\n<figure class=\"wp-block-image alignright size-large\"><img loading=\"lazy\" decoding=\"async\" width=\"253\" height=\"253\" src=\"https:\/\/christian-fahrschule.de\/wp-content\/uploads\/2020\/05\/chrisitan_foto.jpg\" alt=\"\" class=\"wp-image-7645\" srcset=\"https:\/\/christian-fahrschule.de\/wp-content\/uploads\/2020\/05\/chrisitan_foto.jpg 253w, https:\/\/christian-fahrschule.de\/wp-content\/uploads\/2020\/05\/chrisitan_foto-150x150.jpg 150w, https:\/\/christian-fahrschule.de\/wp-content\/uploads\/2020\/05\/chrisitan_foto-120x120.jpg 120w\" sizes=\"auto, (max-width: 253px) 100vw, 253px\" \/><figcaption class=\"wp-element-caption\"><strong>Du hast Fragen? <br><\/strong>Ruf uns einfach an!<br>Telefon: 08677 | 66184<\/figcaption><\/figure>\n<\/div>\n<\/div>\n<\/div>\n<\/div>\n\n\n\n<hr class=\"wp-block-separator has-css-opacity is-style-wide\"\/>\n\n\n\n<div class=\"wp-block-columns has-2-columns is-layout-flex wp-container-core-columns-is-layout-28f84493 wp-block-columns-is-layout-flex\">\n<div class=\"wp-block-column is-layout-flow wp-block-column-is-layout-flow\"><div class=\"teaminfobox clearfix\">\n<h3>Gut betreut<\/h3>\t\n<p>Wir sind Mitglied beim Landesverband Bayerischer Fahrlehrer e.V.<\/p>\n<hr>\n\t<div class=\"teaminfo-name\">Landesverband Bayerischer Fahrlehrer e.V.<\/div>\n\t<div class=\"teaminfo-image\">\n<img decoding=\"async\" src=\"https:\/\/christian-fahrschule.de\/wp-content\/uploads\/2020\/05\/Logo_Verbandsfahrschule_Bayern-120x120.png\" srcset=\"https:\/\/christian-fahrschule.de\/wp-content\/uploads\/2020\/05\/Logo_Verbandsfahrschule_Bayern-120x120.png 120w, https:\/\/christian-fahrschule.de\/wp-content\/uploads\/2020\/05\/Logo_Verbandsfahrschule_Bayern.png 150w\" alt=\"Landesverband Bayerischer Fahrlehrer e.V.\" \/>\n\t<\/div><\/div><\/div>\n<\/div>\n\n\n\n<div style=\"height:60px\" aria-hidden=\"true\" class=\"wp-block-spacer\"><\/div>\n\n\n\n<p><\/p>\n","protected":false},"excerpt":{"rendered":"<p>Dann bist Du bei uns genau richtig.Wir helfen gerne!<\/p>\n","protected":false},"author":1,"featured_media":0,"parent":0,"menu_order":0,"comment_status":"closed","ping_status":"closed","template":"homepage.php","meta":{"footnotes":""},"class_list":["post-7557","page","type-page","status-publish","hentry"],"_links":{"self":[{"href":"https:\/\/christian-fahrschule.de\/index.php?rest_route=\/wp\/v2\/pages\/7557","targetHints":{"allow":["GET"]}}],"collection":[{"href":"https:\/\/christian-fahrschule.de\/index.php?rest_route=\/wp\/v2\/pages"}],"about":[{"href":"https:\/\/christian-fahrschule.de\/index.php?rest_route=\/wp\/v2\/types\/page"}],"author":[{"embeddable":true,"href":"https:\/\/christian-fahrschule.de\/index.php?rest_route=\/wp\/v2\/users\/1"}],"replies":[{"embeddable":true,"href":"https:\/\/christian-fahrschule.de\/index.php?rest_route=%2Fwp%2Fv2%2Fcomments&post=7557"}],"version-history":[{"count":72,"href":"https:\/\/christian-fahrschule.de\/index.php?rest_route=\/wp\/v2\/pages\/7557\/revisions"}],"predecessor-version":[{"id":7952,"href":"https:\/\/christian-fahrschule.de\/index.php?rest_route=\/wp\/v2\/pages\/7557\/revisions\/7952"}],"wp:attachment":[{"href":"https:\/\/christian-fahrschule.de\/index.php?rest_route=%2Fwp%2Fv2%2Fmedia&parent=7557"}],"curies":[{"name":"wp","href":"https:\/\/api.w.org\/{rel}","templated":true}]}}